{"id":516,"date":"2016-02-21T05:04:00","date_gmt":"2016-02-21T05:04:00","guid":{"rendered":"http:\/\/solucionesdocsys.com\/?page_id=516"},"modified":"2023-09-10T00:12:51","modified_gmt":"2023-09-10T00:12:51","slug":"bienvenido","status":"publish","type":"page","link":"https:\/\/solucionesdocsys.com\/","title":{"rendered":"Bienvenido a:"},"content":{"rendered":"<p><strong><a href=\"http:\/\/solucionesdocsys.com\/wp-content\/uploads\/2020\/06\/DOCSYS-LOGO-01.png\"><img loading=\"lazy\" decoding=\"async\" class=\"aligncenter size-medium wp-image-591\" src=\"http:\/\/solucionesdocsys.com\/wp-content\/uploads\/2020\/06\/DOCSYS-LOGO-01-300x150.png\" alt=\"\" width=\"300\" height=\"150\" srcset=\"https:\/\/solucionesdocsys.com\/wp-content\/uploads\/2020\/06\/DOCSYS-LOGO-01-300x150.png 300w, https:\/\/solucionesdocsys.com\/wp-content\/uploads\/2020\/06\/DOCSYS-LOGO-01-1024x512.png 1024w, https:\/\/solucionesdocsys.com\/wp-content\/uploads\/2020\/06\/DOCSYS-LOGO-01-768x384.png 768w, https:\/\/solucionesdocsys.com\/wp-content\/uploads\/2020\/06\/DOCSYS-LOGO-01-1536x768.png 1536w, https:\/\/solucionesdocsys.com\/wp-content\/uploads\/2020\/06\/DOCSYS-LOGO-01-2048x1024.png 2048w\" sizes=\"(max-width: 300px) 100vw, 300px\" \/><\/a>Estimad@ Visitante:\u00a0<\/strong><\/p>\n<hr \/>\n<p style=\"text-align: center;\"><a href=\"https:\/\/solucionesdocsys.com\/wp-content\/uploads\/2021\/11\/Picture1-scaled.jpg\"><img loading=\"lazy\" decoding=\"async\" class=\"wp-image-724 aligncenter\" src=\"https:\/\/solucionesdocsys.com\/wp-content\/uploads\/2021\/11\/Picture1-300x200.jpg\" alt=\"\" width=\"405\" height=\"270\" srcset=\"https:\/\/solucionesdocsys.com\/wp-content\/uploads\/2021\/11\/Picture1-300x200.jpg 300w, https:\/\/solucionesdocsys.com\/wp-content\/uploads\/2021\/11\/Picture1-1024x684.jpg 1024w, https:\/\/solucionesdocsys.com\/wp-content\/uploads\/2021\/11\/Picture1-768x513.jpg 768w, https:\/\/solucionesdocsys.com\/wp-content\/uploads\/2021\/11\/Picture1-1536x1026.jpg 1536w, https:\/\/solucionesdocsys.com\/wp-content\/uploads\/2021\/11\/Picture1-2048x1367.jpg 2048w\" sizes=\"(max-width: 405px) 100vw, 405px\" \/><\/a><\/p>\n<p style=\"text-align: center;\">Estamos muy contentos de que est\u00e9s aqu\u00ed. En Docsys nos dedicamos a entregar Soluciones en Hardware, Software y Servicios a todo aquel que tenga necesidades computacionales de <a href=\"https:\/\/www.microsoft.com\/es-mx\/windows\/\">Windows<\/a>, <a href=\"https:\/\/www.apple.com\/mx\/macos\/big-sur\/\">MacOS<\/a>, <a href=\"https:\/\/www.apple.com\/mx\/ios\/ios-15\/\">iOS<\/a>, <a href=\"https:\/\/www.android.com\/intl\/es-419_mx\/\">Android<\/a>, y m\u00e1s&#8230;<\/p>\n<p style=\"text-align: center;\">Nuestras Soluciones van desde venta de accesorios de c\u00f3mputo de millones de marcas, pasando por un sin n\u00famero de servicios que Solucionan los inconvenientes de tus equipos, hasta la venta de cualquier equipo de c\u00f3mputo y\/o consumibles originales y gen\u00e9ricos que t\u00fa requieras.<\/p>\n<p style=\"text-align: center;\">Esto y m\u00e1s es lo que ya estamos haciendo por miles de clientes.<\/p>\n<p style=\"text-align: center;\">Cualquiera que sea tu necesidad en venta, reparaci\u00f3n y\/o mantenimiento de equipos de c\u00f3mputo, \u00a1Nosotros la solucionamos!<\/p>\n<ul>\n<li style=\"text-align: center;\"><a href=\"tel:+529999900826\">Ll\u00e1manos,<\/a><\/li>\n<li style=\"text-align: center;\"><a href=\"https:\/\/www.google.com\/maps\/place\/Docsys+Soluciones\/@21.0160064,-89.5669353,15z\/data=!4m5!3m4!1s0x0:0xacd2a3c7169472fe!8m2!3d21.0159986!4d-89.5669335\">Vis\u00edtanos<\/a><\/li>\n<li style=\"text-align: center;\">O Escr\u00edbenos al <a href=\"https:\/\/wa.link\/l63tcv\">WhatsApp<\/a><\/li>\n<li><a href=\"http:\/\/solucionesdocsys.com\/wp-content\/uploads\/2021\/09\/QR-Whats.png\"><img loading=\"lazy\" decoding=\"async\" class=\"aligncenter size-full wp-image-717\" src=\"http:\/\/solucionesdocsys.com\/wp-content\/uploads\/2021\/09\/QR-Whats.png\" alt=\"\" width=\"201\" height=\"226\" \/><\/a><\/li>\n<li><\/li>\n<li><\/li>\n<li style=\"text-align: center;\">Tambi\u00e9n puedes descargar nuestra <a href=\"http:\/\/solucionesdocsys.com\/wp-content\/uploads\/2021\/09\/TARJETA-DOCSYS.pdf\">TARJETA DE PRESENTACI\u00d3N<\/a> para tener siempre a mano nuestra informaci\u00f3n de contacto.<\/li>\n<\/ul>\n<blockquote>\n<p style=\"text-align: center;\"><span style=\"color: #000080;\"><em><strong>Remedios \u00a1No!, \u00a1Soluciones Docsys!\u00a0<\/strong><\/em><\/span><\/p>\n<\/blockquote>\n","protected":false},"excerpt":{"rendered":"<p>Estimad@ Visitante:\u00a0 Estamos muy contentos de que est\u00e9s aqu\u00ed. En Docsys nos dedicamos a entregar Soluciones en Hardware, Software y Servicios a todo aquel que tenga necesidades computacionales de Windows, MacOS, iOS, Android, y m\u00e1s&#8230; Nuestras Soluciones van desde venta de accesorios de c\u00f3mputo de millones de marcas, pasando por un sin n\u00famero de servicios [&hellip;]<\/p>\n","protected":false},"author":2,"featured_media":591,"parent":0,"menu_order":0,"comment_status":"closed","ping_status":"closed","template":"","meta":{"footnotes":""},"_links":{"self":[{"href":"https:\/\/solucionesdocsys.com\/index.php?rest_route=\/wp\/v2\/pages\/516"}],"collection":[{"href":"https:\/\/solucionesdocsys.com\/index.php?rest_route=\/wp\/v2\/pages"}],"about":[{"href":"https:\/\/solucionesdocsys.com\/index.php?rest_route=\/wp\/v2\/types\/page"}],"author":[{"embeddable":true,"href":"https:\/\/solucionesdocsys.com\/index.php?rest_route=\/wp\/v2\/users\/2"}],"replies":[{"embeddable":true,"href":"https:\/\/solucionesdocsys.com\/index.php?rest_route=%2Fwp%2Fv2%2Fcomments&post=516"}],"version-history":[{"count":36,"href":"https:\/\/solucionesdocsys.com\/index.php?rest_route=\/wp\/v2\/pages\/516\/revisions"}],"predecessor-version":[{"id":744,"href":"https:\/\/solucionesdocsys.com\/index.php?rest_route=\/wp\/v2\/pages\/516\/revisions\/744"}],"wp:featuredmedia":[{"embeddable":true,"href":"https:\/\/solucionesdocsys.com\/index.php?rest_route=\/wp\/v2\/media\/591"}],"wp:attachment":[{"href":"https:\/\/solucionesdocsys.com\/index.php?rest_route=%2Fwp%2Fv2%2Fmedia&parent=516"}],"curies":[{"name":"wp","href":"https:\/\/api.w.org\/{rel}","templated":true}]}}